{"id":2150,"date":"2022-01-26T16:29:35","date_gmt":"2022-01-26T16:29:35","guid":{"rendered":"https:\/\/edu.internationalhouse.ee\/?page_id=2150"},"modified":"2022-01-26T16:30:48","modified_gmt":"2022-01-26T16:30:48","slug":"estonian","status":"publish","type":"page","link":"https:\/\/edu.internationalhouse.ee\/en\/estonian","title":{"rendered":"Estonian language support"},"content":{"rendered":"\t\t<div data-elementor-type=\"wp-page\" data-elementor-id=\"2150\" class=\"elementor elementor-2150 elementor-518\">\n\t\t\t\t\t\t\t\t\t<section class=\"elementor-section elementor-top-section elementor-element elementor-element-f724bfb elementor-section-boxed elementor-section-height-default elementor-section-height-default\" data-id=\"f724bfb\" data-element_type=\"section\" data-settings=\"{&quot;jet_parallax_layout_list&quot;:[{&quot;jet_parallax_layout_image&quot;:{&quot;url&quot;:&quot;&quot;,&quot;id&quot;:&quot;&quot;},&quot;_id&quot;:&quot;addfd93&quot;,&quot;jet_parallax_layout_image_tablet&quot;:{&quot;url&quot;:&quot;&quot;,&quot;id&quot;:&quot;&quot;},&quot;jet_parallax_layout_image_mobile&quot;:{&quot;url&quot;:&quot;&quot;,&quot;id&quot;:&quot;&quot;},&quot;jet_parallax_layout_speed&quot;:{&quot;unit&quot;:&quot;%&quot;,&quot;size&quot;:50,&quot;sizes&quot;:[]},&quot;jet_parallax_layout_type&quot;:&quot;scroll&quot;,&quot;jet_parallax_layout_direction&quot;:null,&quot;jet_parallax_layout_fx_direction&quot;:null,&quot;jet_parallax_layout_z_index&quot;:&quot;&quot;,&quot;jet_parallax_layout_bg_x&quot;:50,&quot;jet_parallax_layout_bg_x_tablet&quot;:&quot;&quot;,&quot;jet_parallax_layout_bg_x_mobile&quot;:&quot;&quot;,&quot;jet_parallax_layout_bg_y&quot;:50,&quot;jet_parallax_layout_bg_y_tablet&quot;:&quot;&quot;,&quot;jet_parallax_layout_bg_y_mobile&quot;:&quot;&quot;,&quot;jet_parallax_layout_bg_size&quot;:&quot;auto&quot;,&quot;jet_parallax_layout_bg_size_tablet&quot;:&quot;&quot;,&quot;jet_parallax_layout_bg_size_mobile&quot;:&quot;&quot;,&quot;jet_parallax_layout_animation_prop&quot;:&quot;transform&quot;,&quot;jet_parallax_layout_on&quot;:[&quot;desktop&quot;,&quot;tablet&quot;]}]}\">\n\t\t\t\t\t\t<div class=\"elementor-container elementor-column-gap-default\">\n\t\t\t\t\t<div class=\"elementor-column elementor-col-100 elementor-top-column elementor-element elementor-element-bbc41dc\" data-id=\"bbc41dc\" data-element_type=\"column\">\n\t\t\t<div class=\"elementor-widget-wrap elementor-element-populated\">\n\t\t\t\t\t\t\t\t<div class=\"elementor-element elementor-element-58f0069 elementor-widget elementor-widget-text-editor\" data-id=\"58f0069\" data-element_type=\"widget\" data-widget_type=\"text-editor.default\">\n\t\t\t\t<div class=\"elementor-widget-container\">\n\t\t\t<style>\/*! elementor - v3.9.2 - 21-12-2022 *\/\n.elementor-widget-text-editor.elementor-drop-cap-view-stacked .elementor-drop-cap{background-color:#818a91;color:#fff}.elementor-widget-text-editor.elementor-drop-cap-view-framed .elementor-drop-cap{color:#818a91;border:3px solid;background-color:transparent}.elementor-widget-text-editor:not(.elementor-drop-cap-view-default) .elementor-drop-cap{margin-top:8px}.elementor-widget-text-editor:not(.elementor-drop-cap-view-default) .elementor-drop-cap-letter{width:1em;height:1em}.elementor-widget-text-editor .elementor-drop-cap{float:left;text-align:center;line-height:1;font-size:50px}.elementor-widget-text-editor .elementor-drop-cap-letter{display:inline-block}<\/style>\t\t\t\t<h4>Eesti keele \u00f5ppe toetamine<\/h4>\n<p>Eestis toetab Haridus- ja Teadusministeerium p\u00f5hikooli statsionaarses \u00f5ppes riikliku \u00f5ppekava alusel toimuvat E2 \u00f5pet uussisser\u00e4ndajatest \u00f5pilastele.&nbsp;<\/p>\n<p>Toetust v\u00f5ib taotleda \u00f5petajate (lisa)t\u00f6\u00f6 tasustamiseks \u00f5petajatele, kes \u00f5petavad eesti keelt uussisser\u00e4ndajatest \u00f5pilasi, kellel on EHIS-es individuaalse \u00f5ppekava, E2 v\u00f5i t\u00e4iendava eesti keele rakendamise m\u00e4rge. Eesti keele \u00f5ppe toetus rakendub ka nt keelek\u00fcmblusklasside \u00f5petajatele. Toetust ei saa kasutada \u00f5ppevahendite soetamiseks, koolitusteks vms.<\/p>\n<p>Toetust taotletakse kooli pidaja (enamasti KOV) kaudu. KOVid saavad taotleda lisaraha eesti keele \u00f5ppeks oma koolide uussisser\u00e4ndajatele 2 korda aastas (kevadine ja s\u00fcgisene taotlusvoor).<\/p><p>1-2 uussisser\u00e4ndajast \u00f5pilase puhul on v\u00e4him eraldatav summa koolile 1000 eurot, alates kolmandast \u00f5pilasest muutub toetus \u00f5pilasp\u00f5hiseks (\u00f5pilaste arv x 400 eurot; nt 3 \u00f5pilase puhul 3 x 400 = 1200 eurot).<br><\/p>\n<p><\/p>\t\t\t\t\t\t<\/div>\n\t\t\t\t<\/div>\n\t\t\t\t\t<\/div>\n\t\t<\/div>\n\t\t\t\t\t\t\t<\/div>\n\t\t<\/section>\n\t\t\t\t\t\t\t<\/div>\n\t\t","protected":false},"excerpt":{"rendered":"<p>Eesti keele \u00f5ppe toetamine Eestis toetab Haridus- ja Teadusministeerium p\u00f5hikooli statsionaarses \u00f5ppes riikliku \u00f5ppekava alusel toimuvat E2 \u00f5pet uussisser\u00e4ndajatest \u00f5pilastele. Toetust v\u00f5ib taotleda \u00f5petajate (lisa)t\u00f6\u00f6 tasustamiseks \u00f5petajatele, kes \u00f5petavad eesti keelt uussisser\u00e4ndajatest \u00f5pilasi, kellel on EHIS-es individuaalse \u00f5ppekava, E2 v\u00f5i t\u00e4iendava eesti keele rakendamise m\u00e4rge. Eesti keele \u00f5ppe toetus rakendub ka nt keelek\u00fcmblusklasside \u00f5petajatele. Toetust [&hellip;]<\/p>\n","protected":false},"author":2,"featured_media":0,"parent":0,"menu_order":0,"comment_status":"closed","ping_status":"closed","template":"","meta":{"footnotes":""},"class_list":["post-2150","page","type-page","status-publish","hentry"],"acf":[],"_links":{"self":[{"href":"https:\/\/edu.internationalhouse.ee\/en\/wp-json\/wp\/v2\/pages\/2150","targetHints":{"allow":["GET"]}}],"collection":[{"href":"https:\/\/edu.internationalhouse.ee\/en\/wp-json\/wp\/v2\/pages"}],"about":[{"href":"https:\/\/edu.internationalhouse.ee\/en\/wp-json\/wp\/v2\/types\/page"}],"author":[{"embeddable":true,"href":"https:\/\/edu.internationalhouse.ee\/en\/wp-json\/wp\/v2\/users\/2"}],"replies":[{"embeddable":true,"href":"https:\/\/edu.internationalhouse.ee\/en\/wp-json\/wp\/v2\/comments?post=2150"}],"version-history":[{"count":2,"href":"https:\/\/edu.internationalhouse.ee\/en\/wp-json\/wp\/v2\/pages\/2150\/revisions"}],"predecessor-version":[{"id":2152,"href":"https:\/\/edu.internationalhouse.ee\/en\/wp-json\/wp\/v2\/pages\/2150\/revisions\/2152"}],"wp:attachment":[{"href":"https:\/\/edu.internationalhouse.ee\/en\/wp-json\/wp\/v2\/media?parent=2150"}],"curies":[{"name":"wp","href":"https:\/\/api.w.org\/{rel}","templated":true}]}}